{"id":1708,"date":"2025-09-08T06:25:08","date_gmt":"2025-09-08T06:25:08","guid":{"rendered":"https:\/\/model.upou.edu.ph\/completers\/?page_id=1708"},"modified":"2025-09-08T06:25:08","modified_gmt":"2025-09-08T06:25:08","slug":"ttl2_aug2025","status":"publish","type":"page","link":"https:\/\/model.upou.edu.ph\/completers\/ttl2_aug2025\/","title":{"rendered":"Certificate for Teaching and Learning with Modern ICTs (August 2025)"},"content":{"rendered":"\n<ol><li>Carmela A. Lapi\u00f1a<\/li><li>Frenela Aba\u00f1o<\/li><li>Jeandra Joyce L. Aba\u00f1o<\/li><li>Mart Vincent Abao<\/li><li>Elaiza abatayo<\/li><li>Lyka Abejo<\/li><li>Rezel Jean Achacoso<\/li><li>Cypres Adverderada<\/li><li>JOHN DHAVE ADVINCULA<\/li><li>Rayeth Afuang<\/li><li>Jerry Ann Agamao<\/li><li>Jerry Ann Agamao<\/li><li>Stephanie Agsoy<\/li><li>Mary Grace Aguete<\/li><li>Bernard Lowie Aguilar<\/li><li>Jasmine Claire Aguimbag<\/li><li>Darna Ajan<\/li><li>Angelique Ajes<\/li><li>Liv Izene Alaan<\/li><li>Liv Izene Alaan<\/li><li>Rommel Aladano<\/li><li>John Romel Alam<\/li><li>Zaldy Alambra<\/li><li>Kathlaine Alemania<\/li><li>Darylette Alere<\/li><li>Mariz Angela Alibong<\/li><li>Kyzhea Aligway<\/li><li>Mary Janexie Almoete<\/li><li>Ain Gabrielle Alvarado<\/li><li>Angie Alvarez<\/li><li>Josua Alvarez<\/li><li>Sheena meil alvarez<\/li><li>Catherine Am-is<\/li><li>ALEXANDER AM-UNA<\/li><li>Menchu Amacio<\/li><li>Laira Aman<\/li><li>Mannet Amansec<\/li><li>Bryan Amaranto<\/li><li>Norma Amarelinto<\/li><li>Tricia Ann Ambas<\/li><li>Gerard Kyle Amistad<\/li><li>Aliana Catherine Amistoso<\/li><li>Aimae Marie Amit<\/li><li>Allena May Amit<\/li><li>Ritchel Ann Amoin<\/li><li>Ma. Ni\u00f1a R. Amomonpon<\/li><li>REGINE AMORIN<\/li><li>Jamaica Amoro<\/li><li>Debbie Rose Ampo<\/li><li>Suzeth Ancheta<\/li><li>Ivan Sydney Andres<\/li><li>Kazarian Lyd Andres<\/li><li>Frhanzes Mhae Angala<\/li><li>Jancail Angel<\/li><li>Abkey Angeles<\/li><li>Kerry Mae Angkay<\/li><li>Melissa Grace Joy Angoluan<\/li><li>April Rose Angostura<\/li><li>Karen Anguluan<\/li><li>Jalhen Rose Faith Antoja<\/li><li>Norvy Antonio<\/li><li>Jeian Mae Apiag<\/li><li>Mayden Apolonio<\/li><li>Princess Joeby Arabis<\/li><li>Liezlle Arabit<\/li><li>Michelle Arabit<\/li><li>Daniella Grace Arahan<\/li><li>Mary Lord Stephanie Aralar<\/li><li>ROLYN MAE ARAT<\/li><li>Francyne Anne Arcabal<\/li><li>khiara arce<\/li><li>Kia AJ Ann Ardiente<\/li><li>GREGMARK ARMERO<\/li><li>Chia Arnisto<\/li><li>EMY ARREGLO<\/li><li>Joseph Rainier Arriola<\/li><li>James Patrick Atis<\/li><li>JAPHET ATON<\/li><li>JHON ARJAY AUDIJE<\/li><li>RAMIR AUSTRIA<\/li><li>Bernadeth Avellana<\/li><li>Gilbert Rey Avena<\/li><li>Negad Ayessa Airaville<\/li><li>Ana Marie Ayos<\/li><li>JOHN BENEDICK AZA\u00d1A<\/li><li>April Hannah Azcueta<\/li><li>Janissa Bahag<\/li><li>Joselito Bahinting<\/li><li>Jonner Bais<\/li><li>Alexiz Milky Bajao<\/li><li>Wynn Keth Denzle Bajo<\/li><li>Philip John Baldonado<\/li><li>Benedicto Balilo Jr<\/li><li>Dezalyn Balingan<\/li><li>Anabel Ballagan<\/li><li>Melchrist Ballang<\/li><li>John Rick Baltazar<\/li><li>Romar Banadero<\/li><li>Clearyne Banasan<\/li><li>Judy Ann Bancale<\/li><li>Rey Bancale<\/li><li>Cris Ann Bangcale<\/li><li>Nemalyn Bansawan<\/li><li>Christine Barimbao<\/li><li>Ida Sophia Baring<\/li><li>Jharies Bruce Baring<\/li><li>Gillean Mae Barlos<\/li><li>Angel Barnedo<\/li><li>Iris Barong<\/li><li>Janet Barrera<\/li><li>John David Barrientos<\/li><li>TITZIE MAE BARRIENTOS<\/li><li>Kyla Venice Barroga<\/li><li>Anjelyna Therese Basilio<\/li><li>Lee Mann Rexon Basinga<\/li><li>Raquel Angeline Basuel<\/li><li>Apryl Ann Batcho<\/li><li>Queencel Kieth Batingal<\/li><li>Chelsea Kaye Batongbakal<\/li><li>Jamelah Jade Batunggara<\/li><li>Kathlene Baynosa<\/li><li>Zyragail Bedoya<\/li><li>Guiller Belen<\/li><li>Norsada Belgadiel<\/li><li>Jhanelle Belila<\/li><li>Jay-Ar Bellen<\/li><li>Arnel Bentayao<\/li><li>Norian Berame<\/li><li>Rener Bernaldez<\/li><li>Jayson Beronilla<\/li><li>Maria Chin Chin Bersamina<\/li><li>Ma. Julieta Cecilia Besa<\/li><li>Ashtey Ellijah Besana<\/li><li>Kristhel Besinga<\/li><li>Richelle Bete<\/li><li>Angela Karylle Betez<\/li><li>Kevin Russel Biagtas<\/li><li>Rose Ann Lyn Binasoy<\/li><li>Sunshine Bingil<\/li><li>Graceous Biniahan<\/li><li>Gino Carlo Biong<\/li><li>Alex Biscocho<\/li><li>Charles Harvey Black<\/li><li>Jose Victor R. Blanco. Jr<\/li><li>Shara Nida Blasco<\/li><li>Emily Bondoc<\/li><li>Maryjoy Bonifacio<\/li><li>Jane Bonotan<\/li><li>Dennis Borja<\/li><li>Jehosaphat Borlongan<\/li><li>Kyla Borlongan<\/li><li>Crystal Claire Brieta<\/li><li>Angel Briones<\/li><li>ADRIAN BRONGAN<\/li><li>Christine Joy Bruno<\/li><li>Vincent Roy Buenaflor<\/li><li>Aj Mari Bueno<\/li><li>CINDY LYN BUENSALIDA<\/li><li>Chelsea Nicole Buico<\/li><li>Philip Neel Bustamante<\/li><li>Menchilina Butil<\/li><li>Rogilyn Cabacungan<\/li><li>Brenda Caballa<\/li><li>Andrea Miguel Caballes<\/li><li>Raiza Cabanas<\/li><li>Diosdado V. Cabanatan Jr<\/li><li>Anna Minnelle Cabanilla<\/li><li>Ace Cabansag<\/li><li>Ronnel Cabarles<\/li><li>MABEL CABIDO<\/li><li>Nathaniel Cabigao<\/li><li>Sheryl Mae Cabilla<\/li><li>Lynn Ruth Cabuyoc<\/li><li>Erisha Cadag<\/li><li>Rogie May Cadavid<\/li><li>Apple Cadungog<\/li><li>Jessleir Boy Caguicla<\/li><li>Katrina Isabelle Cahayag<\/li><li>Kiesha Cain<\/li><li>Leslie Jane Cajes<\/li><li>Rodelyn Mae Calapano<\/li><li>Josine Calijan<\/li><li>Noel Sebastian Caliso<\/li><li>Alexander III Calosa<\/li><li>Jhon Frederick Camo<\/li><li>Princess Wenna Campos<\/li><li>Anne Andrea Candelario<\/li><li>Glybel Rose Candelario<\/li><li>Abbychale Ca\u00f1eta<\/li><li>John Michael Caneta<\/li><li>Jenny Lou Ca\u00f1ete<\/li><li>Jemuel Carale<\/li><li>Christian Carascal<\/li><li>Jessa Mae Cardillo<\/li><li>Salamia Carim<\/li><li>Theresa May Casas<\/li><li>Jhoniel Casenillas<\/li><li>Loyddale Caseo<\/li><li>Lourey Mae Casile<\/li><li>Ainne Castro<\/li><li>Laika Castromayor<\/li><li>Mekyla Catalan<\/li><li>Jheezrael Tal Cauan<\/li><li>Joel Caumban<\/li><li>Rhea Cedron<\/li><li>Leonardo Jr Cejuela<\/li><li>Genni Ann Celocia<\/li><li>Kenneth Austin Celzo<\/li><li>Andrea Grace Cerrero<\/li><li>Ma.Lalaine Cerrero<\/li><li>Aceson Chan<\/li><li>jelian chiva<\/li><li>Ella Yanni Colonia<\/li><li>Crestine Joy Comedia<\/li><li>Hermie Condino<\/li><li>John Kenneth Conilas<\/li><li>Jobelle Ann Cordero<\/li><li>Jericho Cornejo<\/li><li>Crishalyn Coronado<\/li><li>Luningning Coronel<\/li><li>NE\u00d1A ROSE CORPIN<\/li><li>Alleiah Shayne Corpuz<\/li><li>Rizza Mae Corpuz<\/li><li>Pearl Sharmaine Cortes<\/li><li>Princess Yhasmine Cortez<\/li><li>Zojie Cortez<\/li><li>Kristel Joy Costales<\/li><li>Nathaniel Cristobal<\/li><li>Quimberly Anne Cruz<\/li><li>Christian Jake Cuaderno<\/li><li>Marc Lourenz Cubcubin<\/li><li>Cheerjoy Curitana<\/li><li>Cristine Lhea Cuyos<\/li><li>John Klerk Dacalos<\/li><li>Angelica Joy Dadubo<\/li><li>Joyce Dianne Dahil<\/li><li>Novent Quinth Daniel<\/li><li>Aireen Daquila<\/li><li>Cecilia Sophia David<\/li><li>Juan carlos Dayrit<\/li><li>John Ronald Dayto<\/li><li>John Paulo De Castro<\/li><li>REYNANTE DE CASTRO<\/li><li>Timothy Rhine De Castro<\/li><li>Clark Kent De Guzman<\/li><li>KAYE ANN DE JUAN<\/li><li>Jerrson De Lara<\/li><li>Jeric De Leon<\/li><li>Rhyan Dave de Leon<\/li><li>Bryle Abbah De Pedro<\/li><li>jenny mae a de torres<\/li><li>JERIC DE VERA<\/li><li>Kharylle Chrishia Decina<\/li><li>Eunna Dedase<\/li><li>Chrishia Denise Degorio<\/li><li>Ma. Kaye Fatima Dehito<\/li><li>Angela Dejito<\/li><li>Nicole Del Carmen<\/li><li>Claudine Del Rosario<\/li><li>Mary Aaliyah Dela Cerna<\/li><li>April Dela Cruz<\/li><li>Jasper Dela Cruz<\/li><li>Julia Katrina Dela Cruz<\/li><li>Ni\u00f1o Dela Cruz<\/li><li>Reynald Dela Cruz<\/li><li>Rose Maria Dela Cruz<\/li><li>Wennaden Dela Cruz<\/li><li>John Carlo Dela Rea<\/li><li>Jenny Delantar<\/li><li>Daverose DelaTorre<\/li><li>Ronald Lou Dellosa<\/li><li>Vivian Queen Delos Santos<\/li><li>Josheen Demafeliz Nisperos<\/li><li>April Jean Dequit<\/li><li>Nica Estelle Desacola<\/li><li>Erika Desuyo<\/li><li>Lee A`nne Deuna<\/li><li>Julie Ann Dimalanta<\/li><li>Aljon Dimaunahan<\/li><li>Lyle Yoneze Dinopol<\/li><li>Javanah Eunice Dinoy<\/li><li>Joy Dee Diona<\/li><li>Trisha Mae Divina<\/li><li>Farideh Dizon<\/li><li>Marlene Dizon<\/li><li>Patricia Ross Dollentas<\/li><li>Laica Domingo<\/li><li>Jivina Dominguez<\/li><li>Kate Ashleigh Nicole Do\u00f1a<\/li><li>Leah Donato<\/li><li>Stella Donque<\/li><li>Darline Duga-Duga<\/li><li>Zyra Dula<\/li><li>Ma. Zenith Dulangon<\/li><li>Kraiz Samantha Dulay<\/li><li>Ma. Risha Dumalagan<\/li><li>Maybelle Blossom DumlaoSevillena<\/li><li>Ivan Dungog<\/li><li>Ana Ritsbelle Dupaya<\/li><li>Joel Duque<\/li><li>Iverson Ebina<\/li><li>Alwina Edar<\/li><li>Yuri Alfrance Egipto<\/li><li>Crestal Gem Elauria<\/li><li>John Kyle Elentorio<\/li><li>Mary Cindy Joy Elivito<\/li><li>Claire Joy Embiado<\/li><li>Caryl Joy Empuerto<\/li><li>Maria Jane Socorro Enallo<\/li><li>JO-JIE MARCK ERODIAS<\/li><li>Hervie Eroles<\/li><li>Franzy Kaye Escala<\/li><li>Keyshawn Gale Escarillo<\/li><li>Christine Esguerra<\/li><li>Jumer Roxette Esmalla<\/li><li>Liza Espa\u00f1ola<\/li><li>EDMARK ESPARAZ<\/li><li>Kurt Justine Espejo<\/li><li>Dani Jane Espiritu<\/li><li>MELCHOR L. ESPIRITU JR., PhD<\/li><li>Lianavil Estares<\/li><li>Lilian Estenzo<\/li><li>Kryzell Anne Esteves<\/li><li>Angelo Carlo Estoque<\/li><li>Mechell Etao<\/li><li>Hezel Kate Etulle<\/li><li>John Michael Eugenio<\/li><li>Mary Conception Evangelista<\/li><li>Britney Eyas<\/li><li>Daphane Joyce Fabella<\/li><li>Ellaine Fabian<\/li><li>John Rick Fabillar<\/li><li>Joyce Factor<\/li><li>Kathleen Anne Faderogao<\/li><li>Christine Ellaine Fadriga<\/li><li>Jemma Mae Falcatan<\/li><li>Joed Falcon<\/li><li>Erwin Famatiga<\/li><li>Abigail Feliciano<\/li><li>Marjorie Fernandez<\/li><li>Oliver Ferrer<\/li><li>Leo Fetalino<\/li><li>Maryflor Flor<\/li><li>Erick Son Florante<\/li><li>ADRIAN POL FLORES<\/li><li>Chester Flores<\/li><li>Mary Joy Flores<\/li><li>Kaylee May Fontejon<\/li><li>Jp Fortinez<\/li><li>Amie Francisco<\/li><li>Ma. Lujinelle Fusingan<\/li><li>CELINA KAXANDRA G. AMOR<\/li><li>Rosemy G. Gabayno<\/li><li>Angel Mae Gabi<\/li><li>Sugar mae Gabinete<\/li><li>Lora May Gabrillo<\/li><li>Rizza Mae Gabua<\/li><li>Mika Ella Dianne Gabuya<\/li><li>Amanda Andrea Gabuyo<\/li><li>Dhalni Gaengan<\/li><li>Sally Gagarin<\/li><li>Shantel Krisha Galicha<\/li><li>Frenz Nomer Gallardo<\/li><li>Ma. Zianruwie Gallardo<\/li><li>Sandra Isahvel Gallera<\/li><li>Renz Rjade Gallo<\/li><li>Jayson F. Ganal<\/li><li>FERMIN GANNOD IV<\/li><li>Rolan Jerico Garcellano<\/li><li>BRENDA GARCIA<\/li><li>Ella Garcia<\/li><li>Ma. Christina D. Garcia<\/li><li>John Kenneth Garcia Galivo<\/li><li>Gretchen Garnace<\/li><li>Michaela Alejandrei Gedangoni<\/li><li>Bryan Myrben Gelacio<\/li><li>Vylch Marie Genares<\/li><li>Jessel Geraga<\/li><li>Jean Geraldo<\/li><li>JAYCEL GESMUNDO<\/li><li>JOHN CLYDE GIBAGA<\/li><li>Nikko Jayson P. Go<\/li><li>Ma. Ni\u00f1a J. Godinez<\/li><li>Angel Maven Golveque<\/li><li>Shaira Mae Gomez<\/li><li>Neil John Gonzales<\/li><li>Ria Dell Goot<\/li><li>Hannah Mae Gorospe<\/li><li>Elizabeth Gregorio<\/li><li>Sofia Amor B. Gueco<\/li><li>Princess Reignne L. Guia<\/li><li>Jehad Guiamadin<\/li><li>Sahara Guiambao<\/li><li>Maricris Guillermo<\/li><li>Apple Mae Guintodan<\/li><li>Katrina F. Guirit<\/li><li>Maria Lyn Gulane<\/li><li>ALLANA ROSE GUPAAL<\/li><li>Alvina Guray<\/li><li>Bai Ali hadjiesmael<\/li><li>Jessica Herrera<\/li><li>Frederick Hilaria<\/li><li>Elmer Hilario<\/li><li>Hazel Anne Honculada<\/li><li>Hercy Honrada<\/li><li>Rose Angelie Hubilla<\/li><li>Jarly Kyl Ibao<\/li><li>Christian Ibardolasa<\/li><li>Via Ibisate<\/li><li>Mhay Ibrao<\/li><li>Odina Icamina<\/li><li>Archonel Benedict Idalo<\/li><li>Alexa Igot<\/li><li>Rocelyn Ann Igoy<\/li><li>Lonard Paul Ijalo<\/li><li>Liza Mae Illut<\/li><li>Aina Imam<\/li><li>April Joyce Infeliz<\/li><li>Raymart Innad<\/li><li>Mae Vill Inoc<\/li><li>Alonajane Inot<\/li><li>Hanna Mae Inot<\/li><li>Trisha Isabel Inot<\/li><li>Rogelyn Inso<\/li><li>Treasha Mae Inso<\/li><li>Ree Jay Intong<\/li><li>Bryan Iran<\/li><li>JENNY VI IRORITA<\/li><li>Neil Adrian Isorena<\/li><li>Gella Ann Ivy Jakosalem<\/li><li>Ryla Roldine Jamolin<\/li><li>Joshua Janeo<\/li><li>Francis Medel Jariol<\/li><li>Jamil Jawa<\/li><li>Jeric Jimenez<\/li><li>Airyne Gwen Jose<\/li><li>Eric Jovillano<\/li><li>Jaen Hazel Jumao-as<\/li><li>Jamel Jumao-as<\/li><li>Mark Lee Jumawan<\/li><li>Bartolo Jyra Trixie Marie<\/li><li>Daljeet Kaur Khanduja<\/li><li>Monika Labaupa<\/li><li>John Marc Lachica<\/li><li>Ma. Karriz Lacsa<\/li><li>Ella Mae Lacsamana<\/li><li>Christine Mae Laga\u00f1a<\/li><li>Ivy Mae Lagura<\/li><li>Sophia Laguras<\/li><li>Judy Marie Lamigo<\/li><li>Kristina Cassandra Landig<\/li><li>RJ Lansang<\/li><li>Dylan Joneul Lara\u00f1o<\/li><li>MICHELLE LARROBIS<\/li><li>Louise Ann Latigay<\/li><li>Patrick Jason Latoza<\/li><li>JERAMY MAE LAUDATO<\/li><li>Baby Keya Laura<\/li><li>Syrha Laurie<\/li><li>Jenny Joy Lawas<\/li><li>Viena Iel Laxamana<\/li><li>Erwin Laya<\/li><li>Aijan Lebii<\/li><li>Junmar Ledesma<\/li><li>Gregorio Legal<\/li><li>Ashley Joy Lequin<\/li><li>Princess Lesaca<\/li><li>Princess Aira Letun<\/li><li>Naome Jane Licardo<\/li><li>Genester Licuanan<\/li><li>Josh Elly Lim<\/li><li>Leah Lyn Limco<\/li><li>Jeanny Mae Limutan<\/li><li>Hero Lin<\/li><li>Lorena Llamera<\/li><li>Jerome Llaneta<\/li><li>Myra Sheila Llaneta-Burce<\/li><li>Chrisnell Llantino<\/li><li>Reyna Faye M. Llorador<\/li><li>Jerome Loayon<\/li><li>Gabriel Ernesto Lomeda<\/li><li>Jeasalyn Lomugdang<\/li><li>LISA D. LONDONIO<\/li><li>Christine Joy Lood<\/li><li>Jane Aike Lopez<\/li><li>Rolando Jr Lopez<\/li><li>Shen Valerie Lor<\/li><li>Mary Ann Luaton<\/li><li>JUSTINE LUBAS<\/li><li>Janna Mae Luceno<\/li><li>John Patrick Lucero<\/li><li>Alyssa Marie Luces<\/li><li>Bai-Ali Lumba<\/li><li>Shajara Mae Lumondang<\/li><li>Charmaine Luna<\/li><li>Chynna Trixie Lunag<\/li><li>Risen Mimh Macali<\/li><li>John Vincent Macallan<\/li><li>Juhaila Macaronsing<\/li><li>Mohamed ainshams Madale<\/li><li>Vivian Madarang<\/li><li>Rose Anne Maderal<\/li><li>Chary Jane Simsim Madinno<\/li><li>CHEALSY GRACE MAGANA<\/li><li>John Mel Magbual<\/li><li>Adam May Maghari<\/li><li>Jiano Freo Magtangob<\/li><li>Ashley Nicole Malabo<\/li><li>Rondel Malazarte<\/li><li>Chelsie Malias<\/li><li>Chelsie Grace Malias<\/li><li>Nelsie Malibiran<\/li><li>Erella Malijao<\/li><li>Angelica Malikse<\/li><li>Desa Mae Malinao<\/li><li>Inady Mamac<\/li><li>Gilbert Mamaril<\/li><li>Satoshie Mamayabay<\/li><li>Norkhima Mamayandug<\/li><li>Jeah Manatom<\/li><li>JERSON MANDAWE<\/li><li>Stephen Mandawe<\/li><li>Joymie Mangahas<\/li><li>Baijehan Mangansakan<\/li><li>Ivy Rose Mangata<\/li><li>Julianne Marie Manlegro<\/li><li>Rocelyn Manolong<\/li><li>Roxy Mansueto<\/li><li>Crisostomo Mantes<\/li><li>Erwin Miguel Manuel<\/li><li>Rico Manuel<\/li><li>Angie Maputol<\/li><li>Grethel Lyca Maranga<\/li><li>Felix Marcaida, Jr.<\/li><li>Jeramiah Mariano<\/li><li>Michaela Marie Marquez<\/li><li>Janine Marrero<\/li><li>Gwynn Marsada<\/li><li>ALEX MARTINEZ<\/li><li>Gizelle Marzo<\/li><li>Ella Jay Mateo<\/li><li>Jerome Matunog<\/li><li>John Ivan Maurat<\/li><li>Jericho Mauricio<\/li><li>April Shane Mayormita<\/li><li>Regine Mayuga<\/li><li>Ma. Eala Faye A. Mazaredo<\/li><li>Christine Joy Medoranda<\/li><li>Cherell Mejillano<\/li><li>MARILEAH R. MENDINA<\/li><li>Concon Mendoza<\/li><li>Hannah Kimberly Mendoza<\/li><li>MARIA CECILIA MENDOZA<\/li><li>Mark Joven Mendoza<\/li><li>Resty Mendoza<\/li><li>ROSE ANN MENDOZA<\/li><li>Andrew Noel Mercader<\/li><li>Glycel Miaga<\/li><li>Miccah Reigne Millare<\/li><li>Paolyn Minerales<\/li><li>Briana Sofia Minguito<\/li><li>Sheila Marie Miral<\/li><li>Shanewen Mae Miranda<\/li><li>Jeany Miras<\/li><li>Joan Mogro<\/li><li>Jenielyn Molles<\/li><li>Kyla Molo<\/li><li>Bofel Mondia<\/li><li>Maria Jane Ann Mondia<\/li><li>Kyla Babes Mongosera<\/li><li>Vhinice Jie Monsanto<\/li><li>Jeane Martin Monte<\/li><li>Nicole Montehermoso<\/li><li>Shanielyn Monter<\/li><li>Florence Morales<\/li><li>Jenny Rose Morales<\/li><li>Kyla Moralidad<\/li><li>Hanfrey Roscoe Moreno<\/li><li>Ella Marie Mostrales<\/li><li>erna grace moyano<\/li><li>Beverly Musa<\/li><li>Rose Ann Musa<\/li><li>LYKA NACAR<\/li><li>Ivan Eron Nadua<\/li><li>Coleen Nantong<\/li><li>Michelle Narciso<\/li><li>MARIE JOY NARNOLA<\/li><li>Elvira Navarro<\/li><li>Kristine Mae Navarro<\/li><li>KATE NIJERE NAVIAMOS<\/li><li>Mekyla Via Nazareta<\/li><li>Diana Jane Nazareth<\/li><li>Jeanah Necesito<\/li><li>Krishna Lou Jee Necesito<\/li><li>Bench Nemenio<\/li><li>Chlyne Neri<\/li><li>Mary Grace Nerida<\/li><li>Janelle Nerosa<\/li><li>Adolfo Nisperos, Jr.<\/li><li>JOHN LEMUEL NOCHE<\/li><li>Nicole Nomananap<\/li><li>Lea Nova<\/li><li>MARIA TERESA F. NU\u00d1AL<\/li><li>BERNADETTE NUYLES<\/li><li>Era Ochea<\/li><li>Jessa Ogena<\/li><li>Ni\u00f1o Olaivar<\/li><li>Nithyjen Olasiman<\/li><li>Jessa Mae Omandac<\/li><li>Carylle Shannon Kate Omison<\/li><li>Uniz Ompad<\/li><li>Jaypee C. Opalda<\/li><li>Carlo V. Ope\u00f1a, LPT<\/li><li>MELANIE GAY OPISO<\/li><li>JECKRIS ORA-A<\/li><li>Jean Mariel Orboc<\/li><li>Joshua Lloyd Orgaya<\/li><li>Charisse Orioque<\/li><li>Jomilyn Angel Orosco<\/li><li>Christian Brian Ortiz<\/li><li>Arvy Osma<\/li><li>Cyril Kyle Oteyza<\/li><li>Donna Marie Oyam<\/li><li>James Oyao<\/li><li>Genemark Ozar<\/li><li>Cristine Paa<\/li><li>Mark Jhon Ashley Pablo<\/li><li>Dojee Padilla<\/li><li>Mary Joy Padre<\/li><li>Mary Jane Paez<\/li><li>Joshua Pagaduan<\/li><li>Regina Kemberly Pagatpat<\/li><li>Ellen Pagayonan<\/li><li>Shin Aika Pagobo<\/li><li>Wilben Christie Pagtaconan<\/li><li>Louie Pagtalunan<\/li><li>Marish Leen Pagulayan<\/li><li>Sally Pakigan<\/li><li>Faith Palanog<\/li><li>Ivan Palencia<\/li><li>Rocelle Palencia<\/li><li>Fatmah-Sohra Pangcoga<\/li><li>Carla Jean Pangilinan<\/li><li>Maurice Dean Pangilinan<\/li><li>Louie Paul B. Panolino<\/li><li>KHYSS ZIAH HERSCHE PANOPIO<\/li><li>MICHAEL PANTALEON<\/li><li>Bon Joseph Panton<\/li><li>Kristene Kaye B. Panzuelo<\/li><li>Jhamaika Paralejas<\/li><li>Richely Paran<\/li><li>James Alfred Parco<\/li><li>Janna Rose Parcon<\/li><li>Glory Jane Pare\u00f1as<\/li><li>Rafael Paril<\/li><li>Shenna Loyd Parman<\/li><li>Jay Mark Pasay<\/li><li>Marianne Joyce Pascua<\/li><li>MARY MAGDALENE PASCUA<\/li><li>Clarissa Pasigay<\/li><li>Fe Patalinghug<\/li><li>Isha Patalinjug<\/li><li>Karil Jean Patlingrao<\/li><li>Alvin Paulino<\/li><li>Joyce Christie S. Pecson<\/li><li>Prince Allan Pelayo<\/li><li>Jasmin Joy Pellazar<\/li><li>Lea Penales<\/li><li>Vaness Pe\u00f1aranda<\/li><li>Argie Pepino<\/li><li>Coila Pepito<\/li><li>GLYDEL PEPITO<\/li><li>Metchecana Peralta<\/li><li>John Nicko Perdiguerra<\/li><li>Brian P. Perez<\/li><li>Elsewhere Rial Perez<\/li><li>Shaira Mae Perreras<\/li><li>LIAN GRACE PETECIO<\/li><li>Lailyn Pineda<\/li><li>Lourence Pino<\/li><li>Vina Pino<\/li><li>Joevie Pinote<\/li><li>Cris Wendell Pinto<\/li><li>Zamantha Pinto<\/li><li>JOVIE AN POLICARPIO<\/li><li>Jedah Grace Ponce<\/li><li>Kim Ponce<\/li><li>Natasha Marie Ponce<\/li><li>JAY ANN PONTERAS<\/li><li>Sarah Pontillas<\/li><li>Gizielle Potot<\/li><li>Alexis Mae Pozo<\/li><li>Mae Ann Prado<\/li><li>Lyka Marie Preconcillo<\/li><li>Jellarmi Procorato<\/li><li>Laarnie Prosia<\/li><li>Joel Pulmones Sabares<\/li><li>John Jerzon D. Pulongbarit<\/li><li>Danica Pungtilan<\/li><li>Julia Kates Putungan<\/li><li>Ahmed Mohammed Omar Qaderi<\/li><li>zyra quarenta<\/li><li>Christine Mae Querubin<\/li><li>ROSEMARIE QUIMSON<\/li><li>Richelle Quinones<\/li><li>Jolyn Mae Rabbon<\/li><li>Faith Racaza<\/li><li>PRINCESS DIANNE RAMIREZ<\/li><li>Trexia Mae S. Ramirez<\/li><li>Gwyneth Aira Ramos<\/li><li>Nelisa Ramos<\/li><li>Richelle Ramos<\/li><li>Bernadette Anne Rapanut<\/li><li>CATHERINE RAYO<\/li><li>Glenda Raytos<\/li><li>SAMMUEL REBELALA<\/li><li>Joylyn Regalado<\/li><li>Kyla Dawn Rejuso<\/li><li>Jairah Rellon<\/li><li>Noel Trident Remollo<\/li><li>Abegail Rengalota<\/li><li>Majesty Resma<\/li><li>Lovely Resurreccion<\/li><li>Princess Retulin<\/li><li>Graceil Anne Reyes<\/li><li>Karen Reyes<\/li><li>Rael Reyes<\/li><li>Rolly Reyes<\/li><li>Shenie Reyes<\/li><li>FJ Reylubong<\/li><li>Gene Rose Ricaberte<\/li><li>Ervin Riego de Dios<\/li><li>Khristine Rivera<\/li><li>MADELENE GRACE ROCAS<\/li><li>JOHN CAVIN RODIL<\/li><li>Jade Rodrigo<\/li><li>Archieson Rogelio<\/li><li>Renelyn Rolan<\/li><li>Edmerose Romano<\/li><li>John Michael Romera<\/li><li>Lloyd Emmanuel Romero<\/li><li>Lyanne Geraldyn Romingquit<\/li><li>Amiel Brian Romua<\/li><li>Arjay Rondael<\/li><li>Glenn Paul Roperos<\/li><li>Mary Juliane Rosales<\/li><li>NINA MAE ROSALES<\/li><li>Ashley Yvonne Rosete<\/li><li>Cyraine Gail Rotone<\/li><li>Rowel Roxas<\/li><li>Aeron \u6c38\u8ad6 Ruazol \u6d41\u594f<\/li><li>Mariah Kyla Rutab<\/li><li>MICHELLE SABILLON<\/li><li>Rutherford Sabrido<\/li><li>MAY-ANN SAGADRACA<\/li><li>Christian James Sagales<\/li><li>Antonette Hope Sagarino<\/li><li>Chysie Michaella Salazar<\/li><li>Kirk Eribert Salazar<\/li><li>Mark Joseph Salazar<\/li><li>NEL JANE SALAZAR<\/li><li>Jean Elyn Saldivia<\/li><li>Kristina Marie Salem<\/li><li>Mark Arjay Salonga<\/li><li>Genevieve Salubre<\/li><li>Yiendy Salvacion<\/li><li>Aeisha Shaina Marie Salvador<\/li><li>Ann Jane Samaranos<\/li><li>Edna Samiano<\/li><li>Sophia Samillano<\/li><li>Sofia Nadine Samson<\/li><li>Jazmine Bea San Juan<\/li><li>Albert Robin San Juan, LPT<\/li><li>Leandro T. San Miguel III<\/li><li>Joaimah Sanchez<\/li><li>Ysabel Blake Santiago<\/li><li>Irene Santidad<\/li><li>Joshua Santillan<\/li><li>VERONICA SANTILLAN<\/li><li>JOMAR SANTOS<\/li><li>Juliane Chelsea Santos<\/li><li>MARY JANE SANTOS<\/li><li>Rysa Santos<\/li><li>Nicole Sapitan<\/li><li>Mary Grace Sarmiento<\/li><li>Althea Mae Sasan<\/li><li>Nadesza kyle Sastre<\/li><li>Ailene Satur<\/li><li>Jessie Semblante<\/li><li>JASMIN SE\u00d1AROSA<\/li><li>Evan Spencer Sente<\/li><li>Vanessa Separes<\/li><li>Maria Karla Sepcon Nguyen<\/li><li>Hartley Rhys Serante<\/li><li>Joyce Serapio<\/li><li>Lea Mae Siababa<\/li><li>Mikyla Jireh Sibayan<\/li><li>Norhaypa Silongan<\/li><li>Ma. Janna Luisa Silvestre<\/li><li>Renie Rose Simeon<\/li><li>Krysthel Sinconeque<\/li><li>CHOLO SISON<\/li><li>Love Joy Soguilon<\/li><li>Love Joy Soguilon<\/li><li>Leonilyn Solis<\/li><li>Deither Soriano<\/li><li>Jaspearl Soriano<\/li><li>Kyla Suan<\/li><li>Lenie Suan<\/li><li>Marc Aldrin Suarez<\/li><li>Reema Teofila Subang<\/li><li>Theresa Marie Sumibcay<\/li><li>Rupert Aldrin Sumintac<\/li><li>Lino Fabio Cesar Su\u00f1er<\/li><li>Reyclyde Jywel T. Maramag<\/li><li>Jonalyn Tabangcura<\/li><li>Joshua Paul Tabilog<\/li><li>JHOSEIL TABOR<\/li><li>Lerma Tabuada<\/li><li>Micah Tagimacruz<\/li><li>Maricel Taguba<\/li><li>Roxanne Tajanlangit<\/li><li>Kerstin Kiele Taladro<\/li><li>Khryss Corrainne Talip<\/li><li>Anne Emeline Tamayo<\/li><li>Jose Ligat Tambuyat Jr<\/li><li>Jessel Tampus<\/li><li>Joramie Tampus<\/li><li>MC IAN GABRIEL Tandog<\/li><li>Mercy Tapado<\/li><li>Mark Laurence Tapalla<\/li><li>AIRES TECSON<\/li><li>Kristelle Teligo<\/li><li>Khenn D. Temporosa<\/li><li>Ryza Alleah Tequillo<\/li><li>Chrislyn Tesaluna<\/li><li>Allysa Gayle Thomas<\/li><li>Glory Mae Tidoso<\/li><li>Cherry Ann Tingal<\/li><li>Jino Rey Ti\u00f1oso<\/li><li>Mariah Tipayan<\/li><li>Aliah Tolentino<\/li><li>Karen Toring<\/li><li>Richell Torno<\/li><li>Mayrabell Torque<\/li><li>Chyra Mae Torrejos<\/li><li>LOVELY RUTH TORRES<\/li><li>Jean Louisse Tugna<\/li><li>Sharie Tumamak<\/li><li>Keziah Tu\u00f1acao<\/li><li>Mary Rose Tu\u00f1acao<\/li><li>Bobby Turla<\/li><li>Jhana Urdaneta<\/li><li>Josh Benedict Vadenarro<\/li><li>Marie Leah Aladina Valdez<\/li><li>Mary Anne Valdez<\/li><li>Hezeil Mae Vale<\/li><li>Salacnib Valenzuela<\/li><li>Evangeline Valera<\/li><li>Clarence Valiente<\/li><li>Rhoda Valle<\/li><li>Meryl Vargas<\/li><li>Merrlinda Mae Vaughn<\/li><li>Angelica Velandres<\/li><li>April Dawn Velasco<\/li><li>Jean Merry Veloso<\/li><li>Shamaira Lei Ventura<\/li><li>Henrich Vergara<\/li><li>Emily Vertudes<\/li><li>Lorelyn Villaceran<\/li><li>CJ Villanueva<\/li><li>Alyzza Villapando<\/li><li>Ramona Lissa Villegas<\/li><li>Edison Villena<\/li><li>Shanen Kim Villocino<\/li><li>Jomea Majandra A. Villoso<\/li><li>Rolly Vinluan<\/li><li>Majesty Waclin<\/li><li>Jessa Mea Wagwag<\/li><li>melany wayan<\/li><li>Airen Rose Wenceslao<\/li><li>Jennifer Yabut<\/li><li>Jessa Mae Yadao<\/li><li>Fely Yangan<\/li><li>Patricia Yap<\/li><li>Erica Ynot<\/li><li>Shyne Yungco<\/li><\/ol>\n","protected":false},"excerpt":{"rendered":"<p>Carmela A. Lapi\u00f1a Frenela Aba\u00f1o Jeandra Joyce L. Aba\u00f1o Mart Vincent Abao Elaiza abatayo Lyka Abejo Rezel Jean Achacoso Cypres Adverderada JOHN DHAVE ADVINCULA Rayeth Afuang Jerry Ann Agamao Jerry Ann Agamao Stephanie Agsoy Mary Grace Aguete Bernard Lowie Aguilar Jasmine Claire Aguimbag Darna Ajan Angelique Ajes Liv Izene Alaan Liv Izene Alaan Rommel Aladano &hellip; <\/p>\n<p class=\"link-more\"><a href=\"https:\/\/model.upou.edu.ph\/completers\/ttl2_aug2025\/\" class=\"more-link\">Continue reading<span class=\"screen-reader-text\"> &#8220;Certificate for Teaching and Learning with Modern ICTs (August 2025)&#8221;<\/span><\/a><\/p>\n","protected":false},"author":2,"featured_media":0,"parent":0,"menu_order":0,"comment_status":"closed","ping_status":"closed","template":"","meta":[],"_links":{"self":[{"href":"https:\/\/model.upou.edu.ph\/completers\/wp-json\/wp\/v2\/pages\/1708"}],"collection":[{"href":"https:\/\/model.upou.edu.ph\/completers\/wp-json\/wp\/v2\/pages"}],"about":[{"href":"https:\/\/model.upou.edu.ph\/completers\/wp-json\/wp\/v2\/types\/page"}],"author":[{"embeddable":true,"href":"https:\/\/model.upou.edu.ph\/completers\/wp-json\/wp\/v2\/users\/2"}],"replies":[{"embeddable":true,"href":"https:\/\/model.upou.edu.ph\/completers\/wp-json\/wp\/v2\/comments?post=1708"}],"version-history":[{"count":1,"href":"https:\/\/model.upou.edu.ph\/completers\/wp-json\/wp\/v2\/pages\/1708\/revisions"}],"predecessor-version":[{"id":1709,"href":"https:\/\/model.upou.edu.ph\/completers\/wp-json\/wp\/v2\/pages\/1708\/revisions\/1709"}],"wp:attachment":[{"href":"https:\/\/model.upou.edu.ph\/completers\/wp-json\/wp\/v2\/media?parent=1708"}],"curies":[{"name":"wp","href":"https:\/\/api.w.org\/{rel}","templated":true}]}}